{"id":143758,"date":"2025-07-13T18:11:23","date_gmt":"2025-07-14T00:11:23","guid":{"rendered":"https:\/\/congresocmcn.com.mx\/en\/?page_id=143758"},"modified":"2025-07-13T18:11:23","modified_gmt":"2025-07-14T00:11:23","slug":"student-academic-forumsun27","status":"publish","type":"page","link":"https:\/\/congresocmcn.com.mx\/en\/student-academic-forumsun27\/","title":{"rendered":"STUDENT ACADEMIC FORUM"},"content":{"rendered":"<div class=\"wpb-content-wrapper\"><body><p>[vc_row unlock_row_content=\u201dyes\u201d row_height_percent=\u201d0\u2033 override_padding=\u201dyes\u201d h_padding=\u201d0\u2033 top_padding=\u201d0\u2033 bottom_padding=\u201d0\u2033 overlay_color=\u201dcolor-jevc\u201d overlay_alpha=\u201d10\u2033 gutter_size=\u201d4\u2033 column_width_percent=\u201d100\u2033 shift_y=\u201d0\u2033 z_index=\u201d0\u2033 uncode_shortcode_id=\u201d196071\u2033 back_color_type=\u201duncode-solid\u201d back_color_solid=\u201d#041a28\u2033 overlay_color_type=\u201duncode-palette\u201d][vc_column column_width_percent=\u201d100\u2033 position_vertical=\u201dmiddle\u201d gutter_size=\u201d0\u2033 style=\u201ddark\u201d overlay_alpha=\u201d50\u2033 shift_x=\u201d0\u2033 shift_y=\u201d0\u2033 shift_y_down=\u201d0\u2033 z_index=\u201d0\u2033 medium_width=\u201d0\u2033 mobile_width=\u201d0\u2033 css_animation=\u201dalpha-anim\u201d animation_speed=\u201d1000\u2033 width=\u201d1\/1\u2033 uncode_shortcode_id=\u201d339763\u2033][vc_single_image media=\u201d142540\u2033 media_width_percent=\u201d100\u2033 alignment=\u201dcenter\u201d uncode_shortcode_id=\u201d717064\u2033][\/vc_column][\/vc_row][vc_row][vc_column width=\u201d1\/1\u2033][vc_custom_heading uncode_shortcode_id=\u201d399204\u2033]PRELIMINARY PROGRAM[\/vc_custom_heading][\/vc_column][\/vc_row][vc_row row_height_percent=\u201d0\u2033 override_padding=\u201dyes\u201d h_padding=\u201d2\u2033 top_padding=\u201d3\u2033 bottom_padding=\u201d3\u2033 back_color=\u201dcolor-gyho\u201d overlay_alpha=\u201d50\u2033 gutter_size=\u201d3\u2033 column_width_percent=\u201d100\u2033 shift_y=\u201d0\u2033 z_index=\u201d0\u2033 uncode_shortcode_id=\u201d601933\u2033 back_color_type=\u201duncode-palette\u201d][vc_column column_width_percent=\u201d100\u2033 gutter_size=\u201d3\u2033 override_padding=\u201dyes\u201d column_padding=\u201d3\u2033 back_color=\u201dcolor-xsdn\u201d overlay_alpha=\u201d50\u2033 radius=\u201dstd\u201d shift_x=\u201d0\u2033 shift_y=\u201d0\u2033 shift_y_down=\u201d0\u2033 z_index=\u201d0\u2033 medium_width=\u201d0\u2033 mobile_width=\u201d0\u2033 width=\u201d1\/1\u2033 uncode_shortcode_id=\u201d125885\u2033 back_color_type=\u201duncode-palette\u201d][vc_row_inner][vc_column_inner column_width_percent=\u201d100\u2033 align_horizontal=\u201dalign_center\u201d gutter_size=\u201d3\u2033 overlay_alpha=\u201d50\u2033 shift_x=\u201d0\u2033 shift_y=\u201d0\u2033 shift_y_down=\u201d0\u2033 z_index=\u201d0\u2033 medium_width=\u201d0\u2033 mobile_width=\u201d0\u2033 width=\u201d1\/1\u2033 uncode_shortcode_id=\u201d181966\u2033][vc_custom_heading text_color=\u201daccent\u201d heading_semantic=\u201dh6\u2033 text_size=\u201dcustom\u201d text_transform=\u201duppercase\u201d text_space=\u201dfontspace-135905\u2033 uncode_shortcode_id=\u201d298307\u2033 text_color_type=\u201duncode-palette\u201d heading_custom_size=\u201d20\u2033]STUDENT ACADEMIC FORUM (MISSION BRAIN-AANS)[\/vc_custom_heading][vc_custom_heading heading_semantic=\u201dh3\u2033 text_size=\u201dcustom\u201d uncode_shortcode_id=\u201d198194\u2033 heading_custom_size=\u201d30\u2033]SUNDAY, 27[\/vc_custom_heading][\/vc_column_inner][\/vc_row_inner][vc_row_inner row_inner_height_percent=\u201d0\u2033 back_color=\u201dcolor-lxmt\u201d overlay_alpha=\u201d50\u2033 gutter_size=\u201d3\u2033 shift_y=\u201d0\u2033 z_index=\u201d0\u2033 uncode_shortcode_id=\u201d150868\u2033 back_color_type=\u201duncode-palette\u201d][vc_column_inner column_width_percent=\u201d100\u2033 align_horizontal=\u201dalign_right\u201d gutter_size=\u201d3\u2033 override_padding=\u201dyes\u201d column_padding=\u201d1\u2033 overlay_alpha=\u201d50\u2033 shift_x=\u201d0\u2033 shift_y=\u201d0\u2033 shift_y_down=\u201d0\u2033 z_index=\u201d0\u2033 medium_width=\u201d0\u2033 mobile_width=\u201d0\u2033 width=\u201d1\/6\u2033 uncode_shortcode_id=\u201d124721\u2033][vc_column_text text_lead=\u201dsmall\u201d uncode_shortcode_id=\u201d163046\u2033]14:45 \u2013 15:00\u00a0 HRS[\/vc_column_text][\/vc_column_inner][vc_column_inner column_width_percent=\u201d100\u2033 gutter_size=\u201d3\u2033 override_padding=\u201dyes\u201d column_padding=\u201d1\u2033 overlay_alpha=\u201d50\u2033 shift_x=\u201d0\u2033 shift_y=\u201d0\u2033 shift_y_down=\u201d0\u2033 z_index=\u201d0\u2033 medium_width=\u201d0\u2033 mobile_width=\u201d0\u2033 width=\u201d3\/6\u2033 uncode_shortcode_id=\u201d115047\u2033][vc_column_text uncode_shortcode_id=\u201d374025\u2033]<strong>Welcome Speech<\/strong>[\/vc_column_text][\/vc_column_inner][vc_column_inner width=\u201d2\/6\u2033][vc_column_text text_lead=\u201dsmall\u201d uncode_shortcode_id=\u201d106860\u2033]Dr. Rodrigo Ramos Z\u00fa\u00f1iga[\/vc_column_text][\/vc_column_inner][\/vc_row_inner][vc_row_inner row_inner_height_percent=\u201d0\u2033 back_color=\u201dcolor-lxmt\u201d overlay_alpha=\u201d50\u2033 gutter_size=\u201d3\u2033 shift_y=\u201d0\u2033 z_index=\u201d0\u2033 uncode_shortcode_id=\u201d150868\u2033 back_color_type=\u201duncode-palette\u201d][vc_column_inner column_width_percent=\u201d100\u2033 align_horizontal=\u201dalign_right\u201d gutter_size=\u201d3\u2033 override_padding=\u201dyes\u201d column_padding=\u201d1\u2033 overlay_alpha=\u201d50\u2033 shift_x=\u201d0\u2033 shift_y=\u201d0\u2033 shift_y_down=\u201d0\u2033 z_index=\u201d0\u2033 medium_width=\u201d0\u2033 mobile_width=\u201d0\u2033 width=\u201d1\/6\u2033 uncode_shortcode_id=\u201d124721\u2033][vc_column_text text_lead=\u201dsmall\u201d uncode_shortcode_id=\u201d154143\u2033]15:00- 15:45\u00a0 HRS[\/vc_column_text][\/vc_column_inner][vc_column_inner column_width_percent=\u201d100\u2033 gutter_size=\u201d3\u2033 override_padding=\u201dyes\u201d column_padding=\u201d1\u2033 overlay_alpha=\u201d50\u2033 shift_x=\u201d0\u2033 shift_y=\u201d0\u2033 shift_y_down=\u201d0\u2033 z_index=\u201d0\u2033 medium_width=\u201d0\u2033 mobile_width=\u201d0\u2033 width=\u201d3\/6\u2033 uncode_shortcode_id=\u201d115047\u2033][vc_column_text uncode_shortcode_id=\u201d103692\u2033]<strong>General Concepts in Skull Base Oncological Neurosurgery<\/strong>[\/vc_column_text][\/vc_column_inner][vc_column_inner width=\u201d2\/6\u2033][vc_column_text text_lead=\u201dsmall\u201d uncode_shortcode_id=\u201d181124\u2033]Dr. Santiago N\u00fa\u00f1ez Velasco[\/vc_column_text][\/vc_column_inner][\/vc_row_inner][vc_row_inner row_inner_height_percent=\u201d0\u2033 back_color=\u201dcolor-lxmt\u201d overlay_alpha=\u201d50\u2033 gutter_size=\u201d3\u2033 shift_y=\u201d0\u2033 z_index=\u201d0\u2033 uncode_shortcode_id=\u201d150868\u2033 back_color_type=\u201duncode-palette\u201d][vc_column_inner column_width_percent=\u201d100\u2033 align_horizontal=\u201dalign_right\u201d gutter_size=\u201d3\u2033 override_padding=\u201dyes\u201d column_padding=\u201d1\u2033 overlay_alpha=\u201d50\u2033 shift_x=\u201d0\u2033 shift_y=\u201d0\u2033 shift_y_down=\u201d0\u2033 z_index=\u201d0\u2033 medium_width=\u201d0\u2033 mobile_width=\u201d0\u2033 width=\u201d1\/6\u2033 uncode_shortcode_id=\u201d124721\u2033][vc_column_text text_lead=\u201dsmall\u201d uncode_shortcode_id=\u201d512236\u2033]15:45 \u2013 16:30\u00a0 HRS[\/vc_column_text][\/vc_column_inner][vc_column_inner column_width_percent=\u201d100\u2033 gutter_size=\u201d3\u2033 override_padding=\u201dyes\u201d column_padding=\u201d1\u2033 overlay_alpha=\u201d50\u2033 shift_x=\u201d0\u2033 shift_y=\u201d0\u2033 shift_y_down=\u201d0\u2033 z_index=\u201d0\u2033 medium_width=\u201d0\u2033 mobile_width=\u201d0\u2033 width=\u201d3\/6\u2033 uncode_shortcode_id=\u201d115047\u2033][vc_column_text uncode_shortcode_id=\u201d177389\u2033]<strong>General Concepts in Minimally Invasive Vascular Neurosurgery<\/strong>[\/vc_column_text][\/vc_column_inner][vc_column_inner width=\u201d2\/6\u2033][vc_column_text text_lead=\u201dsmall\u201d uncode_shortcode_id=\u201d775673\u2033]Dr. Oscar Guti\u00e9rrez \u00c1vila[\/vc_column_text][\/vc_column_inner][\/vc_row_inner][vc_row_inner row_inner_height_percent=\u201d0\u2033 back_color=\u201dcolor-lxmt\u201d overlay_alpha=\u201d50\u2033 gutter_size=\u201d3\u2033 shift_y=\u201d0\u2033 z_index=\u201d0\u2033 uncode_shortcode_id=\u201d150868\u2033 back_color_type=\u201duncode-palette\u201d][vc_column_inner column_width_percent=\u201d100\u2033 align_horizontal=\u201dalign_right\u201d gutter_size=\u201d3\u2033 override_padding=\u201dyes\u201d column_padding=\u201d1\u2033 overlay_alpha=\u201d50\u2033 shift_x=\u201d0\u2033 shift_y=\u201d0\u2033 shift_y_down=\u201d0\u2033 z_index=\u201d0\u2033 medium_width=\u201d0\u2033 mobile_width=\u201d0\u2033 width=\u201d1\/6\u2033 uncode_shortcode_id=\u201d124721\u2033][vc_column_text text_lead=\u201dsmall\u201d uncode_shortcode_id=\u201d137413\u2033]16:30 \u2013 17:15 HRS[\/vc_column_text][\/vc_column_inner][vc_column_inner column_width_percent=\u201d100\u2033 gutter_size=\u201d3\u2033 override_padding=\u201dyes\u201d column_padding=\u201d1\u2033 overlay_alpha=\u201d50\u2033 shift_x=\u201d0\u2033 shift_y=\u201d0\u2033 shift_y_down=\u201d0\u2033 z_index=\u201d0\u2033 medium_width=\u201d0\u2033 mobile_width=\u201d0\u2033 width=\u201d3\/6\u2033 uncode_shortcode_id=\u201d115047\u2033][vc_column_text uncode_shortcode_id=\u201d117121\u2033]<strong>General Concepts in Peripheral Nerve Surgery<\/strong>[\/vc_column_text][\/vc_column_inner][vc_column_inner width=\u201d2\/6\u2033][vc_column_text text_lead=\u201dsmall\u201d uncode_shortcode_id=\u201d166156\u2033]Dra. Mar\u00eda Elena Gonz\u00e1lez Gonz\u00e1lez[\/vc_column_text][\/vc_column_inner][\/vc_row_inner][vc_row_inner row_inner_height_percent=\u201d0\u2033 back_color=\u201dcolor-lxmt\u201d overlay_alpha=\u201d50\u2033 gutter_size=\u201d3\u2033 shift_y=\u201d0\u2033 z_index=\u201d0\u2033 uncode_shortcode_id=\u201d150868\u2033 back_color_type=\u201duncode-palette\u201d][vc_column_inner column_width_percent=\u201d100\u2033 align_horizontal=\u201dalign_right\u201d gutter_size=\u201d3\u2033 override_padding=\u201dyes\u201d column_padding=\u201d1\u2033 overlay_alpha=\u201d50\u2033 shift_x=\u201d0\u2033 shift_y=\u201d0\u2033 shift_y_down=\u201d0\u2033 z_index=\u201d0\u2033 medium_width=\u201d0\u2033 mobile_width=\u201d0\u2033 width=\u201d1\/6\u2033 uncode_shortcode_id=\u201d124721\u2033][vc_column_text text_lead=\u201dsmall\u201d uncode_shortcode_id=\u201d618584\u2033]17:15 \u2013 18:00\u00a0 HRS[\/vc_column_text][\/vc_column_inner][vc_column_inner column_width_percent=\u201d100\u2033 gutter_size=\u201d3\u2033 override_padding=\u201dyes\u201d column_padding=\u201d1\u2033 overlay_alpha=\u201d50\u2033 shift_x=\u201d0\u2033 shift_y=\u201d0\u2033 shift_y_down=\u201d0\u2033 z_index=\u201d0\u2033 medium_width=\u201d0\u2033 mobile_width=\u201d0\u2033 width=\u201d3\/6\u2033 uncode_shortcode_id=\u201d115047\u2033][vc_column_text uncode_shortcode_id=\u201d170195\u2033]<strong>Overview of Pediatric Neurosurgery in Mexico: Where Are We Headed?<\/strong>[\/vc_column_text][\/vc_column_inner][vc_column_inner width=\u201d2\/6\u2033][vc_column_text text_lead=\u201dsmall\u201d uncode_shortcode_id=\u201d104880\u2033]Dr. Sim\u00f3n Sebastean Velasco Monta\u00f1o[\/vc_column_text][\/vc_column_inner][\/vc_row_inner][vc_row_inner row_inner_height_percent=\u201d0\u2033 back_color=\u201dcolor-lxmt\u201d overlay_alpha=\u201d50\u2033 gutter_size=\u201d3\u2033 shift_y=\u201d0\u2033 z_index=\u201d0\u2033 uncode_shortcode_id=\u201d150868\u2033 back_color_type=\u201duncode-palette\u201d][vc_column_inner column_width_percent=\u201d100\u2033 align_horizontal=\u201dalign_right\u201d gutter_size=\u201d3\u2033 override_padding=\u201dyes\u201d column_padding=\u201d1\u2033 overlay_alpha=\u201d50\u2033 shift_x=\u201d0\u2033 shift_y=\u201d0\u2033 shift_y_down=\u201d0\u2033 z_index=\u201d0\u2033 medium_width=\u201d0\u2033 mobile_width=\u201d0\u2033 width=\u201d1\/6\u2033 uncode_shortcode_id=\u201d124721\u2033][vc_column_text text_lead=\u201dsmall\u201d uncode_shortcode_id=\u201d350421\u2033]18:00 \u2013 19:00\u00a0 HRS[\/vc_column_text][\/vc_column_inner][vc_column_inner column_width_percent=\u201d100\u2033 gutter_size=\u201d3\u2033 override_padding=\u201dyes\u201d column_padding=\u201d1\u2033 overlay_alpha=\u201d50\u2033 shift_x=\u201d0\u2033 shift_y=\u201d0\u2033 shift_y_down=\u201d0\u2033 z_index=\u201d0\u2033 medium_width=\u201d0\u2033 mobile_width=\u201d0\u2033 width=\u201d3\/6\u2033 uncode_shortcode_id=\u201d115047\u2033][vc_column_text uncode_shortcode_id=\u201d114161\u2033]<strong>Student Forum with Former and Active Members of the Chapter: \u2018The Landscape of Neurosurgery in Young Professionals \u2013 What Challenges Do We Face?\u2019<\/strong>[\/vc_column_text][\/vc_column_inner][vc_column_inner width=\u201d2\/6\u2033][vc_column_text text_lead=\u201dsmall\u201d uncode_shortcode_id=\u201d104338\u2033]Moderado por estudiantes de los cap\u00edtulos asistentes[\/vc_column_text][\/vc_column_inner][\/vc_row_inner][\/vc_column][\/vc_row]<\/p>\n<\/body><\/div>","protected":false},"excerpt":{"rendered":"<p>[vc_row unlock_row_content=\u201dyes\u201d row_height_percent=\u201d0\u2033 override_padding=\u201dyes\u201d h_padding=\u201d0\u2033 top_padding=\u201d0\u2033 bottom_padding=\u201d0\u2033 overlay_color=\u201dcolor-jevc\u201d overlay_alpha=\u201d10\u2033 gutter_size=\u201d4\u2033 column_width_percent=\u201d100\u2033 shift_y=\u201d0\u2033 z_index=\u201d0\u2033 uncode_shortcode_id=\u201d196071\u2033 back_color_type=\u201duncode-solid\u201d back_color_solid=\u201d#041a28\u2033 overlay_color_type=\u201duncode-palette\u201d][vc_column column_width_percent=\u201d100\u2033 position_vertical=\u201dmiddle\u201d gutter_size=\u201d0\u2033 [&hellip;]<\/p>\n","protected":false},"author":1,"featured_media":0,"parent":0,"menu_order":0,"comment_status":"closed","ping_status":"closed","template":"","meta":{"om_disable_all_campaigns":false,"footnotes":""},"class_list":["post-143758","page","type-page","status-publish","hentry","page_category-seccion","page_category-program"],"jetpack_sharing_enabled":true,"_links":{"self":[{"href":"https:\/\/congresocmcn.com.mx\/en\/wp-json\/wp\/v2\/pages\/143758","targetHints":{"allow":["GET"]}}],"collection":[{"href":"https:\/\/congresocmcn.com.mx\/en\/wp-json\/wp\/v2\/pages"}],"about":[{"href":"https:\/\/congresocmcn.com.mx\/en\/wp-json\/wp\/v2\/types\/page"}],"author":[{"embeddable":true,"href":"https:\/\/congresocmcn.com.mx\/en\/wp-json\/wp\/v2\/users\/1"}],"replies":[{"embeddable":true,"href":"https:\/\/congresocmcn.com.mx\/en\/wp-json\/wp\/v2\/comments?post=143758"}],"version-history":[{"count":1,"href":"https:\/\/congresocmcn.com.mx\/en\/wp-json\/wp\/v2\/pages\/143758\/revisions"}],"predecessor-version":[{"id":143759,"href":"https:\/\/congresocmcn.com.mx\/en\/wp-json\/wp\/v2\/pages\/143758\/revisions\/143759"}],"wp:attachment":[{"href":"https:\/\/congresocmcn.com.mx\/en\/wp-json\/wp\/v2\/media?parent=143758"}],"curies":[{"name":"wp","href":"https:\/\/api.w.org\/{rel}","templated":true}]}}